{"id":1199,"date":"2017-01-07T23:15:11","date_gmt":"2017-01-07T21:15:11","guid":{"rendered":"http:\/\/www.gipsy-pop-art.com\/de\/?page_id=1199"},"modified":"2021-04-13T19:45:43","modified_gmt":"2021-04-13T17:45:43","slug":"gipson-les-paul","status":"publish","type":"page","link":"https:\/\/www.gipsy-pop-art.de\/de\/gipson-les-paul\/","title":{"rendered":"Gipson Les Paul"},"content":{"rendered":"<div id=\"showroomtitle\">\n<h1>E-Gitarren \u2013 Modell Gipson Les Paul<\/h1>\n<\/div>\n<p><img class=\"size-full wp-image-213 alignleft\" style=\"margin: 0 15px 0 0; padding: 0;\" src=\"http:\/\/www.gipsy-pop-art.de\/de\/wp-content\/uploads\/elec_gipson_lespaul_tattoo_01.jpg\"><\/p>\n<p><img class=\"size-full wp-image-215 alignnone\" style=\"margin: 0; padding: 0;\" src=\"http:\/\/www.gipsy-pop-art.de\/de\/wp-content\/uploads\/elec_gipson_lespaul_tattoo_02.jpg\"><\/p>\n<div id=\"infobox\" class=\"alignnone\">\n<h1>Gipson Les Paul inspiriert durch Tattoo Art<\/h1>\n<p>Tattoo Art versteht sich als Schmuck, als Ausdruck von Individualit\u00e4t, Rebellion und spiritueller \u00dcberzeugung. Ein Tattoo ist ein Symbol, das zur St\u00e4rkung und Sichtbarkeit der eigenen Identit\u00e4t beitr\u00e4gt.<\/p>\n<ul>\n<li><a href=\"http:\/\/www.gipsy-pop-art.de\/de\/kontakt\/\">Anfrage senden<\/a><\/li>\n<li><a href=\"http:\/\/www.gipsy-pop-art.de\/de\/shop\/e-gitarren\/\">Zur\u00fcck zur \u00dcbersicht<\/a><\/li>\n<\/ul>\n<\/div>\n","protected":false},"excerpt":{"rendered":"<p>E-Gitarren \u2013 Modell Gipson Les Paul Gipson Les Paul inspiriert durch Tattoo Art Tattoo Art versteht sich als Schmuck, als Ausdruck von Individualit\u00e4t, Rebellion und spiritueller \u00dcberzeugung. Ein Tattoo ist ein Symbol, das zur St\u00e4rkung und Sichtbarkeit der eigenen Identit\u00e4t &hellip; <a href=\"https:\/\/www.gipsy-pop-art.de\/de\/gipson-les-paul\/\">Weiterlesen <span class=\"meta-nav\">&rarr;<\/span><\/a><\/p>\n","protected":false},"author":1,"featured_media":0,"parent":0,"menu_order":0,"comment_status":"closed","ping_status":"closed","template":"showcase.php","meta":[],"_links":{"self":[{"href":"https:\/\/www.gipsy-pop-art.de\/de\/wp-json\/wp\/v2\/pages\/1199"}],"collection":[{"href":"https:\/\/www.gipsy-pop-art.de\/de\/wp-json\/wp\/v2\/pages"}],"about":[{"href":"https:\/\/www.gipsy-pop-art.de\/de\/wp-json\/wp\/v2\/types\/page"}],"author":[{"embeddable":true,"href":"https:\/\/www.gipsy-pop-art.de\/de\/wp-json\/wp\/v2\/users\/1"}],"replies":[{"embeddable":true,"href":"https:\/\/www.gipsy-pop-art.de\/de\/wp-json\/wp\/v2\/comments?post=1199"}],"version-history":[{"count":3,"href":"https:\/\/www.gipsy-pop-art.de\/de\/wp-json\/wp\/v2\/pages\/1199\/revisions"}],"predecessor-version":[{"id":1697,"href":"https:\/\/www.gipsy-pop-art.de\/de\/wp-json\/wp\/v2\/pages\/1199\/revisions\/1697"}],"wp:attachment":[{"href":"https:\/\/www.gipsy-pop-art.de\/de\/wp-json\/wp\/v2\/media?parent=1199"}],"curies":[{"name":"wp","href":"https:\/\/api.w.org\/{rel}","templated":true}]}}