{"id":1249,"date":"2017-08-13T22:43:46","date_gmt":"2017-08-13T20:43:46","guid":{"rendered":"http:\/\/www.gipsy-pop-art.com\/de\/?page_id=1249"},"modified":"2021-07-14T20:09:47","modified_gmt":"2021-07-14T18:09:47","slug":"fine-art-prints-2","status":"publish","type":"page","link":"https:\/\/www.gipsy-pop-art.de\/de\/fine-art-prints-2\/","title":{"rendered":"Fine Art Prints"},"content":{"rendered":"<div id=\"showroomtitle\">\n<h1>Fine Art Prints<\/h1>\n<\/div>\n<p>Hochwertigster K\u00fcnstlerdruck (Museumsqualit\u00e4t) , 99 Jahre lichtechter Pigmentdruck in jeder Gr\u00f6\u00dfe erh\u00e4ltlich.<\/p>\n<p>Fine Art Print, limitierte Auflage, handsigniert:<\/p>\n<p>37 cm x 56 cm: Preis 85,00 \u20ac<\/p>\n<p>54 cm x 81 cm: Preis 165,00 \u20ac<\/p>\n<p>&#8211; Alle Bilder sind auch in anderen Gr\u00f6\u00dfen erh\u00e4ltlich, Preis auf Anfrage<\/p>\n<p>&#8211; Alle Drucke auf 300g MOAB Fine Art Print limitiert auf 99 St\u00fcck und handsigniert von der K\u00fcnstlerin.<\/p>\n<p>&#8211; Dibond Print mit Moab Rollenpapier, kaschiert auf 3mm Dibondplatte, Preis auf Anfrage<\/p>\n<p>&#8211; Kapaplatten und Print mit Moab Rollenpapier, kaschiert auf 3mm oder 5mm Kapaplatte mit Aluminium Karton-Deckschichten und einer Einlage aus hellgrauem PUR-Hartschaum (flammgesch\u00fctzt nach DIN 4102, B2) bis max. 1,00 m Breite &amp; 1,40 m L\u00e4nge.<\/p>\n<p>&#8211; Auf Wunsch mit Rahmenprofil: U.Profilleiste \u2013Wei\u00df 5mm Kapaplatte aus Hart-PVC zugeschnitten, Preis auf Anfrage<\/p>\n<p><a href=\"#versand\">Infos zur Bestellung und Versandkosten<\/a><\/p>\n<p><img class=\"aligncenter size-full\" src=\"https:\/\/www.gipsy-pop-art.de\/de\/wp-content\/uploads\/1+2-Blue-door.jpg\" alt=\"\" \/><\/p>\n<table>\n<tbody>\n<tr>\n<td width=\"10%\"><\/td>\n<td width=\"50%\">1 \u2013 Blue Door 1<\/td>\n<td width=\"40%\">2 \u2013 Blue Door 2<\/td>\n<\/tr>\n<\/tbody>\n<\/table>\n<p><img class=\"aligncenter size-full\" src=\"https:\/\/www.gipsy-pop-art.de\/de\/wp-content\/uploads\/3+4-Blue-door+Les-Paul-Andalus.jpg\" alt=\"\" \/><\/p>\n<table>\n<tbody>\n<tr>\n<td width=\"10%\"><\/td>\n<td width=\"50%\">3 \u2013 Blue Door, headstock<\/td>\n<td width=\"40%\">4 \u2013 Les Paul Andalus<\/td>\n<\/tr>\n<\/tbody>\n<\/table>\n<p><img class=\"aligncenter size-full\" src=\"https:\/\/www.gipsy-pop-art.de\/de\/wp-content\/uploads\/5+6-Stratocaster-Ibiza+Gipsy-Telecaster-black.jpg\" alt=\"\" \/><\/p>\n<table>\n<tbody>\n<tr>\n<td width=\"10%\"><\/td>\n<td width=\"50%\">5 \u2013 Stratocaster Ibiza<\/td>\n<td width=\"40%\">6 \u2013 Telecaster black<\/td>\n<\/tr>\n<\/tbody>\n<\/table>\n<p><img class=\"aligncenter size-full\" src=\"https:\/\/www.gipsy-pop-art.de\/de\/wp-content\/uploads\/7+8-Stratocaster-Flamenco+Stratocaster-India-black.jpg\" alt=\"\" \/><\/p>\n<table>\n<tbody>\n<tr>\n<td width=\"10%\"><\/td>\n<td width=\"50%\">7 \u2013 Stratocaster Flamenco<\/td>\n<td width=\"40%\">8 \u2013 Stratocaster Ibiza<\/td>\n<\/tr>\n<\/tbody>\n<\/table>\n<p><img class=\"aligncenter size-full\" src=\"https:\/\/www.gipsy-pop-art.de\/de\/wp-content\/uploads\/9+10-Gibson-Les-Paul-Tatoo-Art-black+Stratocaster-Mandala.jpg\" alt=\"\" \/><\/p>\n<table>\n<tbody>\n<tr>\n<td width=\"10%\"><\/td>\n<td width=\"50%\">9 \u2013 Gibson Les Paul Tatoo Art black<\/td>\n<td width=\"40%\">10 \u2013 Stratocaster Mandala<\/td>\n<\/tr>\n<\/tbody>\n<\/table>\n<p><img class=\"aligncenter size-full\" src=\"https:\/\/www.gipsy-pop-art.de\/de\/wp-content\/uploads\/11+12-Malaga-white+Malaga-black.jpg\" alt=\"\" \/><\/p>\n<table>\n<tbody>\n<tr>\n<td width=\"10%\"><\/td>\n<td width=\"50%\">11 \u2013 Malaga white<\/td>\n<td width=\"40%\">12 \u2013 Malaga black<\/td>\n<\/tr>\n<\/tbody>\n<\/table>\n<p><img class=\"aligncenter size-full\" src=\"https:\/\/www.gipsy-pop-art.de\/de\/wp-content\/uploads\/13+14-Ibiza-black+Venus-black.jpg\" alt=\"\" \/><\/p>\n<table>\n<tbody>\n<tr>\n<td width=\"10%\"><\/td>\n<td width=\"50%\">13 \u2013 Ibiza black<\/td>\n<td width=\"40%\">14 \u2013 Venus black<\/td>\n<\/tr>\n<\/tbody>\n<\/table>\n<p><img class=\"aligncenter size-full\" src=\"https:\/\/www.gipsy-pop-art.de\/de\/wp-content\/uploads\/15+16-Art-Deco+Anda.jpg\" alt=\"\" \/><\/p>\n<table>\n<tbody>\n<tr>\n<td width=\"10%\"><\/td>\n<td width=\"50%\">15 \u2013 Art Deco<\/td>\n<td width=\"40%\">16 \u2013 Anda<\/td>\n<\/tr>\n<\/tbody>\n<\/table>\n<p><img class=\"aligncenter size-full\" src=\"https:\/\/www.gipsy-pop-art.de\/de\/wp-content\/uploads\/17+18-Lady-Malaga+Les-Paul-Tatoo.jpg\" alt=\"\" \/><\/p>\n<table>\n<tbody>\n<tr>\n<td width=\"10%\"><\/td>\n<td width=\"50%\">17 \u2013 Lady Malaga<\/td>\n<td width=\"40%\">18 \u2013 Les Paul Tatoo<\/td>\n<\/tr>\n<\/tbody>\n<\/table>\n<p><img class=\"aligncenter size-full\" src=\"https:\/\/www.gipsy-pop-art.de\/de\/wp-content\/uploads\/19+20-India-Strat+Bueste.jpg\" alt=\"\" \/><\/p>\n<table>\n<tbody>\n<tr>\n<td width=\"10%\"><\/td>\n<td width=\"50%\">19 \u2013 India Strat<\/td>\n<td width=\"40%\">20 \u2013 B\u00fcste<\/td>\n<\/tr>\n<\/tbody>\n<\/table>\n<p><a name=\"versand\"><\/a><\/p>\n<p><strong>Bestellungen unter:<\/strong><\/p>\n<p><a href=\"mailto:amadia@gmx.de\" target=\"_blank\" rel=\"noopener noreferrer\">amadia[at]gmx.de<\/a> oder Tel. 02159 \u2013 816 775<\/p>\n<p><strong>Versandkosten Deutschland:<\/strong><br \/>\nBis 60x60x120 brutto 9,90 \u20ac<br \/>\nGerollte Papiere mit max\/44 Zoll normal per Paket zu 9,90 \u20ac<br \/>\nAb 60x60x120 berechnen wir Sperrgut mit Verpackungsaufwand brutto 35,00 \u20ac<\/p>\n<p align=\"center\">Photos: Raughi Ebert und Albrecht Korff<br \/>\n\u00a9 Design by Sabina Amadia<\/p>\n","protected":false},"excerpt":{"rendered":"<p>Fine Art Prints Hochwertigster K\u00fcnstlerdruck (Museumsqualit\u00e4t) , 99 Jahre lichtechter Pigmentdruck in jeder Gr\u00f6\u00dfe erh\u00e4ltlich. Fine Art Print, limitierte Auflage, handsigniert: 37 cm x 56 cm: Preis 85,00 \u20ac 54 cm x 81 cm: Preis 165,00 \u20ac &#8211; Alle Bilder &hellip; <a href=\"https:\/\/www.gipsy-pop-art.de\/de\/fine-art-prints-2\/\">Weiterlesen <span class=\"meta-nav\">&rarr;<\/span><\/a><\/p>\n","protected":false},"author":1,"featured_media":0,"parent":0,"menu_order":5,"comment_status":"closed","ping_status":"closed","template":"showcase.php","meta":[],"_links":{"self":[{"href":"https:\/\/www.gipsy-pop-art.de\/de\/wp-json\/wp\/v2\/pages\/1249"}],"collection":[{"href":"https:\/\/www.gipsy-pop-art.de\/de\/wp-json\/wp\/v2\/pages"}],"about":[{"href":"https:\/\/www.gipsy-pop-art.de\/de\/wp-json\/wp\/v2\/types\/page"}],"author":[{"embeddable":true,"href":"https:\/\/www.gipsy-pop-art.de\/de\/wp-json\/wp\/v2\/users\/1"}],"replies":[{"embeddable":true,"href":"https:\/\/www.gipsy-pop-art.de\/de\/wp-json\/wp\/v2\/comments?post=1249"}],"version-history":[{"count":69,"href":"https:\/\/www.gipsy-pop-art.de\/de\/wp-json\/wp\/v2\/pages\/1249\/revisions"}],"predecessor-version":[{"id":1827,"href":"https:\/\/www.gipsy-pop-art.de\/de\/wp-json\/wp\/v2\/pages\/1249\/revisions\/1827"}],"wp:attachment":[{"href":"https:\/\/www.gipsy-pop-art.de\/de\/wp-json\/wp\/v2\/media?parent=1249"}],"curies":[{"name":"wp","href":"https:\/\/api.w.org\/{rel}","templated":true}]}}