{"id":20,"date":"2012-07-24T00:06:06","date_gmt":"2012-07-23T22:06:06","guid":{"rendered":"http:\/\/www.gipsy-pop-art.com\/de\/?page_id=20"},"modified":"2021-07-14T17:55:37","modified_gmt":"2021-07-14T15:55:37","slug":"kontakt","status":"publish","type":"page","link":"https:\/\/www.gipsy-pop-art.de\/de\/kontakt\/","title":{"rendered":"Kontakt"},"content":{"rendered":"<p><img class=\"alignright size-full\" src=\"https:\/\/www.gipsy-pop-art.de\/de\/wp-content\/uploads\/kontakt_spiegel.jpg\" \/><\/p>\n<p><strong><a href=\"#uebersabina\">Sabina Amad\u00eda<\/a><\/strong><br \/>\nBirkenweg 1 c<br \/>\nD-40670 Meerbusch<br \/>\nGermany<\/p>\n<p>Tel. 02159 \/ 81 67 75<br \/>\n<a href=\"mailto:amadia@gmx.de\" target=\"_blank\" rel=\"noopener noreferrer\">amadia[at]gmx.de<\/a><\/p>\n<p><a href=\"https:\/\/www.gipsy-pop-art.de\">www.gipsy-pop-art.de<\/a><br \/>\n<a href=\"https:\/\/www.amadia.de\">www.amadia.de<\/a><\/p>\n<p><a name=\"uebersabina\"><\/a><\/p>\n<div id=\"showroomtitle\">\n<h1>\u00dcber Sabina Amadia<\/h1>\n<\/div>\n<p><img loading=\"lazy\" class=\"alignright size-full\" src=\"https:\/\/www.gipsy-pop-art.de\/de\/wp-content\/uploads\/info_wand_schwarz_weiss.jpg\" alt=\"\" width=\"321\" height=\"482\" \/><\/p>\n<p>Aufw\u00e4ndige Recherche und filigrane Collagenkunst zeichnen die Gipsy-Gitarren Sabina Amadias aus. Auf ihren Reisen sammelt sie Printmaterial aus den unterschiedlichsten Bereichen, seien es Flyer, Postkarten, alte Poster oder Fotos.<\/p>\n<p>Mit dem scharfen Blick f\u00fcr\u00b4s Detail richtet Sabina Amadia Ihre Aufmerksamkeit den Dingen, die scheinbar achtlos erscheinen, aber im sp\u00e4teren Kontext ein sinnvolles Ganzes ergeben. In allen k\u00fcnstlerischen Arbeiten tritt das Thema Flamenco in unterschiedlichen Facetten immer wieder in Erscheinung.<\/p>\n<p>Wie erlebte Geschichten l\u00e4sst sie die Collagen als dreidimensionales Kunstobjekt aufleben. Die Gitarre als Symbol f\u00fcr Charme und Leidenschaft erh\u00e4lt durch die pers\u00f6nliche Handschrift der K\u00fcnstlerin eine besondere Tiefe und machen jedes Instrument zu einem Unikat.<\/p>\n","protected":false},"excerpt":{"rendered":"<p>Sabina Amad\u00eda Birkenweg 1 c D-40670 Meerbusch Germany Tel. 02159 \/ 81 67 75 amadia[at]gmx.de www.gipsy-pop-art.de www.amadia.de \u00dcber Sabina Amadia Aufw\u00e4ndige Recherche und filigrane Collagenkunst zeichnen die Gipsy-Gitarren Sabina Amadias aus. Auf ihren Reisen sammelt sie Printmaterial aus den unterschiedlichsten &hellip; <a href=\"https:\/\/www.gipsy-pop-art.de\/de\/kontakt\/\">Weiterlesen <span class=\"meta-nav\">&rarr;<\/span><\/a><\/p>\n","protected":false},"author":1,"featured_media":0,"parent":0,"menu_order":4,"comment_status":"closed","ping_status":"closed","template":"sidebar-page.php","meta":[],"_links":{"self":[{"href":"https:\/\/www.gipsy-pop-art.de\/de\/wp-json\/wp\/v2\/pages\/20"}],"collection":[{"href":"https:\/\/www.gipsy-pop-art.de\/de\/wp-json\/wp\/v2\/pages"}],"about":[{"href":"https:\/\/www.gipsy-pop-art.de\/de\/wp-json\/wp\/v2\/types\/page"}],"author":[{"embeddable":true,"href":"https:\/\/www.gipsy-pop-art.de\/de\/wp-json\/wp\/v2\/users\/1"}],"replies":[{"embeddable":true,"href":"https:\/\/www.gipsy-pop-art.de\/de\/wp-json\/wp\/v2\/comments?post=20"}],"version-history":[{"count":63,"href":"https:\/\/www.gipsy-pop-art.de\/de\/wp-json\/wp\/v2\/pages\/20\/revisions"}],"predecessor-version":[{"id":1971,"href":"https:\/\/www.gipsy-pop-art.de\/de\/wp-json\/wp\/v2\/pages\/20\/revisions\/1971"}],"wp:attachment":[{"href":"https:\/\/www.gipsy-pop-art.de\/de\/wp-json\/wp\/v2\/media?parent=20"}],"curies":[{"name":"wp","href":"https:\/\/api.w.org\/{rel}","templated":true}]}}