{"id":210,"date":"2012-07-25T21:24:04","date_gmt":"2012-07-25T19:24:04","guid":{"rendered":"http:\/\/www.gipsy-pop-art.com\/de\/?page_id=210"},"modified":"2023-10-09T15:55:57","modified_gmt":"2023-10-09T13:55:57","slug":"anda","status":"publish","type":"page","link":"https:\/\/www.gipsy-pop-art.de\/de\/anda\/","title":{"rendered":"Anda"},"content":{"rendered":"<div id=\"showroomtitle\">\n<h1>Akustikgitarren \u2013 Modell Anda<\/h1>\n<\/div>\n<p><img loading=\"lazy\" width=\"502\" height=\"905\" class=\"size-full wp-image-213 alignleft\" style=\"margin: 0 15px 0 0; padding: 0;\" title=\"acc_anda_01\" src=\"http:\/\/www.gipsy-pop-art.de\/de\/wp-content\/uploads\/acc_anda_01.jpg\" srcset=\"https:\/\/www.gipsy-pop-art.de\/de\/wp-content\/uploads\/acc_anda_01.jpg 502w, https:\/\/www.gipsy-pop-art.de\/de\/wp-content\/uploads\/acc_anda_01-166x300.jpg 166w\" sizes=\"(max-width: 502px) 100vw, 502px\" \/><\/p>\n<p><img class=\"size-full wp-image-215 alignnone\" style=\"margin: 0; padding: 0;\" title=\"acc_anda_03\" src=\"http:\/\/www.gipsy-pop-art.de\/de\/wp-content\/uploads\/acc_anda_03.jpg\" \/><\/p>\n<p><img loading=\"lazy\" width=\"318\" height=\"425\" class=\"size-full wp-image-214 alignnone\" style=\"margin: 0; padding: 6px 0 0 0;\" title=\"acc_anda_02\" src=\"http:\/\/www.gipsy-pop-art.de\/de\/wp-content\/uploads\/acc_anda_02.jpg\" srcset=\"https:\/\/www.gipsy-pop-art.de\/de\/wp-content\/uploads\/acc_anda_02.jpg 318w, https:\/\/www.gipsy-pop-art.de\/de\/wp-content\/uploads\/acc_anda_02-224x300.jpg 224w\" sizes=\"(max-width: 318px) 100vw, 318px\" \/><\/p>\n<div id=\"infobox\" class=\"alignnone\">\n<h1>Anda<\/h1>\n<p>Eine Collage mit Flamenco-T\u00e4nzerinnen aus verschiedenen Zeit-Epochen. Flamenco als Symbol f\u00fcr alle Facetten der Gef\u00fchle wie Stolz, Anmut und Sinnlichkeit.<\/p>\n<ul>\n<li><a href=\"http:\/\/www.gipsy-pop-art.de\/de\/kontakt\/\">Anfrage senden<\/a><\/li>\n<li><a href=\"http:\/\/www.gipsy-pop-art.de\/de\/shop\/akustikgitarren\/\">Zur\u00fcck zur \u00dcbersicht<\/a><\/li>\n<\/ul>\n<\/div>\n\n\n<p><\/p>\n","protected":false},"excerpt":{"rendered":"<p>Akustikgitarren \u2013 Modell Anda Anda Eine Collage mit Flamenco-T\u00e4nzerinnen aus verschiedenen Zeit-Epochen. Flamenco als Symbol f\u00fcr alle Facetten der Gef\u00fchle wie Stolz, Anmut und Sinnlichkeit. Anfrage senden Zur\u00fcck zur \u00dcbersicht<\/p>\n","protected":false},"author":1,"featured_media":0,"parent":0,"menu_order":0,"comment_status":"closed","ping_status":"closed","template":"showcase.php","meta":[],"_links":{"self":[{"href":"https:\/\/www.gipsy-pop-art.de\/de\/wp-json\/wp\/v2\/pages\/210"}],"collection":[{"href":"https:\/\/www.gipsy-pop-art.de\/de\/wp-json\/wp\/v2\/pages"}],"about":[{"href":"https:\/\/www.gipsy-pop-art.de\/de\/wp-json\/wp\/v2\/types\/page"}],"author":[{"embeddable":true,"href":"https:\/\/www.gipsy-pop-art.de\/de\/wp-json\/wp\/v2\/users\/1"}],"replies":[{"embeddable":true,"href":"https:\/\/www.gipsy-pop-art.de\/de\/wp-json\/wp\/v2\/comments?post=210"}],"version-history":[{"count":39,"href":"https:\/\/www.gipsy-pop-art.de\/de\/wp-json\/wp\/v2\/pages\/210\/revisions"}],"predecessor-version":[{"id":1923,"href":"https:\/\/www.gipsy-pop-art.de\/de\/wp-json\/wp\/v2\/pages\/210\/revisions\/1923"}],"wp:attachment":[{"href":"https:\/\/www.gipsy-pop-art.de\/de\/wp-json\/wp\/v2\/media?parent=210"}],"curies":[{"name":"wp","href":"https:\/\/api.w.org\/{rel}","templated":true}]}}