{"id":245,"date":"2012-07-26T01:50:41","date_gmt":"2012-07-25T23:50:41","guid":{"rendered":"http:\/\/www.gipsy-pop-art.com\/de\/?page_id=245"},"modified":"2021-04-13T19:42:02","modified_gmt":"2021-04-13T17:42:02","slug":"christina-hoyos","status":"publish","type":"page","link":"https:\/\/www.gipsy-pop-art.de\/de\/christina-hoyos\/","title":{"rendered":"Christina Hoyos"},"content":{"rendered":"<div id=\"showroomtitle\">\n<h1>Akustikgitarren \u2013 Modell Christina Hoyos<\/h1>\n<\/div>\n<p><img class=\"size-full alignleft\" style=\"margin: 0 15px 0 0; padding: 0;\" src=\"http:\/\/www.gipsy-pop-art.de\/de\/wp-content\/uploads\/acc_christinahoyos_01.jpg\"><\/p>\n<p><img class=\"size-full alignnone\" style=\"margin: 0; padding: 0;\" src=\"http:\/\/www.gipsy-pop-art.de\/de\/wp-content\/uploads\/acc_christinahoyos_02.jpg\"><\/p>\n<p><img class=\"size-full alignnone\" style=\"margin: 0; padding: 0;\" src=\"http:\/\/www.gipsy-pop-art.de\/de\/wp-content\/uploads\/acc_christinahoyos_03.jpg\"><\/p>\n<div id=\"infobox\" class=\"alignnone\">\n<h1>Christina Hoyos<\/h1>\n<p>Das in schwarz wei\u00df gehaltene Design ist eine Hommage an die gro\u00dfe T\u00e4nzerin Cristina Hoyos, die durch den Film \u201eCarmen\u201c ihren gro\u00dfen Durchbruch hatte. Es lebe der schwarzwei\u00dfe Flamenco-Kult!<\/p>\n<ul>\n<li><a href=\"http:\/\/www.gipsy-pop-art.de\/de\/kontakt\/\">Anfrage senden<\/a><\/li>\n<li><a href=\"http:\/\/www.gipsy-pop-art.de\/de\/shop\/akustikgitarren\/\">Zur\u00fcck zur \u00dcbersicht<\/a><\/li>\n<\/ul>\n<\/div>\n","protected":false},"excerpt":{"rendered":"<p>Akustikgitarren \u2013 Modell Christina Hoyos Christina Hoyos Das in schwarz wei\u00df gehaltene Design ist eine Hommage an die gro\u00dfe T\u00e4nzerin Cristina Hoyos, die durch den Film \u201eCarmen\u201c ihren gro\u00dfen Durchbruch hatte. Es lebe der schwarzwei\u00dfe Flamenco-Kult! Anfrage senden Zur\u00fcck zur &hellip; <a href=\"https:\/\/www.gipsy-pop-art.de\/de\/christina-hoyos\/\">Weiterlesen <span class=\"meta-nav\">&rarr;<\/span><\/a><\/p>\n","protected":false},"author":1,"featured_media":0,"parent":0,"menu_order":0,"comment_status":"closed","ping_status":"closed","template":"showcase.php","meta":[],"_links":{"self":[{"href":"https:\/\/www.gipsy-pop-art.de\/de\/wp-json\/wp\/v2\/pages\/245"}],"collection":[{"href":"https:\/\/www.gipsy-pop-art.de\/de\/wp-json\/wp\/v2\/pages"}],"about":[{"href":"https:\/\/www.gipsy-pop-art.de\/de\/wp-json\/wp\/v2\/types\/page"}],"author":[{"embeddable":true,"href":"https:\/\/www.gipsy-pop-art.de\/de\/wp-json\/wp\/v2\/users\/1"}],"replies":[{"embeddable":true,"href":"https:\/\/www.gipsy-pop-art.de\/de\/wp-json\/wp\/v2\/comments?post=245"}],"version-history":[{"count":12,"href":"https:\/\/www.gipsy-pop-art.de\/de\/wp-json\/wp\/v2\/pages\/245\/revisions"}],"predecessor-version":[{"id":1690,"href":"https:\/\/www.gipsy-pop-art.de\/de\/wp-json\/wp\/v2\/pages\/245\/revisions\/1690"}],"wp:attachment":[{"href":"https:\/\/www.gipsy-pop-art.de\/de\/wp-json\/wp\/v2\/media?parent=245"}],"curies":[{"name":"wp","href":"https:\/\/api.w.org\/{rel}","templated":true}]}}