{"id":359,"date":"2012-08-02T14:52:39","date_gmt":"2012-08-02T12:52:39","guid":{"rendered":"http:\/\/www.gipsy-pop-art.com\/de\/?page_id=359"},"modified":"2021-07-14T17:09:29","modified_gmt":"2021-07-14T15:09:29","slug":"startseite","status":"publish","type":"page","link":"https:\/\/www.gipsy-pop-art.de\/de\/","title":{"rendered":"Startseite"},"content":{"rendered":"<div class=\"responsive-slider flexslider\"><ul class=\"slides\"><li><div id=\"slide-431\" class=\"slide\"><a href=\"https:\/\/www.gipsy-pop-art.de\/de\/showcase\/akustikgitarren\/\" title=\"\" ><img width=\"840\" height=\"380\" src=\"https:\/\/www.gipsy-pop-art.de\/de\/wp-content\/uploads\/slideshow11-840x380-1-840x380.jpg\" class=\"slide-thumbnail wp-post-image\" alt=\"\" loading=\"lazy\" \/><\/a><h2 class=\"slide-title\"><a href=\"https:\/\/www.gipsy-pop-art.de\/de\/showcase\/akustikgitarren\/\" title=\"\" ><\/a><\/h2><\/div><!-- #slide-x --><\/li><li><div id=\"slide-432\" class=\"slide\"><a href=\"https:\/\/www.gipsy-pop-art.de\/de\/showcase\/e-gitarren\/\" title=\"\" ><img width=\"840\" height=\"380\" src=\"https:\/\/www.gipsy-pop-art.de\/de\/wp-content\/uploads\/slideshow22-840x380-1-840x380.jpg\" class=\"slide-thumbnail wp-post-image\" alt=\"\" loading=\"lazy\" \/><\/a><h2 class=\"slide-title\"><a href=\"https:\/\/www.gipsy-pop-art.de\/de\/showcase\/e-gitarren\/\" title=\"\" ><\/a><\/h2><\/div><!-- #slide-x --><\/li><li><div id=\"slide-1908\" class=\"slide\"><a href=\"https:\/\/www.gipsy-pop-art.de\/de\/showcase\/akustikgitarren\/\" title=\"\" ><img width=\"840\" height=\"376\" src=\"https:\/\/www.gipsy-pop-art.de\/de\/wp-content\/uploads\/slideshow33.jpg\" class=\"slide-thumbnail wp-post-image\" alt=\"\" loading=\"lazy\" \/><\/a><h2 class=\"slide-title\"><a href=\"https:\/\/www.gipsy-pop-art.de\/de\/showcase\/akustikgitarren\/\" title=\"\" ><\/a><\/h2><\/div><!-- #slide-x --><\/li><\/ul><\/div><!-- #featured-content -->\n<div class=\"start-teaser\" style=\"margin-right: 15px;\">\n<h2>Akustikgitarren<\/h2>\n<p><a href=\"https:\/\/www.gipsy-pop-art.de\/de\/showcase\/akustikgitarren\/\"><img loading=\"lazy\" src=\"https:\/\/www.gipsy-pop-art.de\/de\/wp-content\/uploads\/start_akustik.jpg\" alt=\"\" width=\"250\" height=\"153\" \/><\/a><\/p>\n<p><a href=\"https:\/\/www.gipsy-pop-art.de\/de\/showcase\/akustikgitarren\/\">Akustikgitarren als spielbare Modelle oder als Designobjekte. Eine grosse Auswahl an Gitarren findet ihr hier.<\/a><\/p>\n<\/div>\n<div class=\"start-teaser\" style=\"margin-right: 15px;\">\n<h2>E-Gitarren<\/h2>\n<p><a href=\"https:\/\/www.gipsy-pop-art.de\/de\/showcase\/e-gitarren\/\"><img loading=\"lazy\" src=\"https:\/\/www.gipsy-pop-art.de\/de\/wp-content\/uploads\/start_egitarren.jpg\" alt=\"\" width=\"250\" height=\"153\" \/><\/a><\/p>\n<p><a href=\"https:\/\/www.gipsy-pop-art.de\/de\/showcase\/e-gitarren\/\">Extravagante Collagen-Kunst, die phantasievoller nicht sein k\u00f6nnte, macht durch die pers\u00f6nliche Handschrift der K\u00fcnstlerin aus jeder E-Gitarre ein Unikat.<\/a><\/p>\n<\/div>\n<div class=\"start-teaser\">\n<h2>Fine Art Prints<\/h2>\n<p><a href=\"https:\/\/www.gipsy-pop-art.de\/de\/fine-art-prints-2\/\"><img loading=\"lazy\" src=\"https:\/\/www.gipsy-pop-art.de\/de\/wp-content\/uploads\/start_prints.jpg\" alt=\"\" width=\"250\" height=\"153\" \/><\/a><\/p>\n<p><a href=\"https:\/\/www.gipsy-pop-art.de\/de\/fine-art-prints-2\/\">Hochwertigster K\u00fcnstlerdruck, limitiert und handsigniert von der K\u00fcnstlerin.<\/a><\/p>\n<\/div>\n","protected":false},"excerpt":{"rendered":"<p>Akustikgitarren Akustikgitarren als spielbare Modelle oder als Designobjekte. Eine grosse Auswahl an Gitarren findet ihr hier. E-Gitarren Extravagante Collagen-Kunst, die phantasievoller nicht sein k\u00f6nnte, macht durch die pers\u00f6nliche Handschrift der K\u00fcnstlerin aus jeder E-Gitarre ein Unikat. Fine Art Prints Hochwertigster &hellip; <a href=\"https:\/\/www.gipsy-pop-art.de\/de\/slides\/433\/\">Weiterlesen <span class=\"meta-nav\">&rarr;<\/span><\/a><\/p>\n","protected":false},"author":1,"featured_media":0,"parent":0,"menu_order":0,"comment_status":"closed","ping_status":"closed","template":"showcase.php","meta":[],"_links":{"self":[{"href":"https:\/\/www.gipsy-pop-art.de\/de\/wp-json\/wp\/v2\/pages\/359"}],"collection":[{"href":"https:\/\/www.gipsy-pop-art.de\/de\/wp-json\/wp\/v2\/pages"}],"about":[{"href":"https:\/\/www.gipsy-pop-art.de\/de\/wp-json\/wp\/v2\/types\/page"}],"author":[{"embeddable":true,"href":"https:\/\/www.gipsy-pop-art.de\/de\/wp-json\/wp\/v2\/users\/1"}],"replies":[{"embeddable":true,"href":"https:\/\/www.gipsy-pop-art.de\/de\/wp-json\/wp\/v2\/comments?post=359"}],"version-history":[{"count":62,"href":"https:\/\/www.gipsy-pop-art.de\/de\/wp-json\/wp\/v2\/pages\/359\/revisions"}],"predecessor-version":[{"id":1779,"href":"https:\/\/www.gipsy-pop-art.de\/de\/wp-json\/wp\/v2\/pages\/359\/revisions\/1779"}],"wp:attachment":[{"href":"https:\/\/www.gipsy-pop-art.de\/de\/wp-json\/wp\/v2\/media?parent=359"}],"curies":[{"name":"wp","href":"https:\/\/api.w.org\/{rel}","templated":true}]}}