{"id":367,"date":"2012-08-02T17:53:56","date_gmt":"2012-08-02T15:53:56","guid":{"rendered":"http:\/\/www.gipsy-pop-art.com\/de\/?page_id=367"},"modified":"2021-04-13T19:41:01","modified_gmt":"2021-04-13T17:41:01","slug":"art-deco","status":"publish","type":"page","link":"https:\/\/www.gipsy-pop-art.de\/de\/art-deco\/","title":{"rendered":"Art Deco"},"content":{"rendered":"<div id=\"showroomtitle\">\n<h1>Akustikgitarren \u2013 Modell Art-Deco<\/h1>\n<\/div>\n<p><img class=\"size-full alignleft\" style=\"margin: 0 15px 0 0; padding: 0;\" src=\"http:\/\/www.gipsy-pop-art.de\/de\/wp-content\/uploads\/acc_feria_artdeco_01.jpg\"><\/p>\n<p><img class=\"size-full alignnone\" style=\"margin: 0; padding: 0;\" src=\"http:\/\/www.gipsy-pop-art.de\/de\/wp-content\/uploads\/acc_feria_artdeco_02.jpg\"><\/p>\n<p><img class=\"size-full alignnone\" style=\"margin: 0; padding: 0;\" src=\"http:\/\/www.gipsy-pop-art.de\/de\/wp-content\/uploads\/acc_feria_artdeco_03.jpg\"><\/p>\n<div id=\"infobox\" class=\"alignnone\">\n<h1>Art-Deco<\/h1>\n<p>Die 20er Jahre leben hier in dominanten Gr\u00fcnt\u00f6nen auf. Filigrane Schmucksteine unterstreichen das Design. Art D\u00e9co, gestalterische Verbindung von Eleganz und Form.<\/p>\n<ul>\n<li><a href=\"http:\/\/www.gipsy-pop-art.de\/de\/kontakt\/\">Anfrage senden<\/a><\/li>\n<li><a href=\"http:\/\/www.gipsy-pop-art.de\/de\/shop\/akustikgitarren\/\">Zur\u00fcck zur \u00dcbersicht<\/a><\/li>\n<\/ul>\n<\/div>\n\n\n<p><\/p>\n","protected":false},"excerpt":{"rendered":"<p>Akustikgitarren \u2013 Modell Art-Deco Art-Deco Die 20er Jahre leben hier in dominanten Gr\u00fcnt\u00f6nen auf. Filigrane Schmucksteine unterstreichen das Design. Art D\u00e9co, gestalterische Verbindung von Eleganz und Form. Anfrage senden Zur\u00fcck zur \u00dcbersicht<\/p>\n","protected":false},"author":1,"featured_media":0,"parent":0,"menu_order":0,"comment_status":"closed","ping_status":"closed","template":"showcase.php","meta":[],"_links":{"self":[{"href":"https:\/\/www.gipsy-pop-art.de\/de\/wp-json\/wp\/v2\/pages\/367"}],"collection":[{"href":"https:\/\/www.gipsy-pop-art.de\/de\/wp-json\/wp\/v2\/pages"}],"about":[{"href":"https:\/\/www.gipsy-pop-art.de\/de\/wp-json\/wp\/v2\/types\/page"}],"author":[{"embeddable":true,"href":"https:\/\/www.gipsy-pop-art.de\/de\/wp-json\/wp\/v2\/users\/1"}],"replies":[{"embeddable":true,"href":"https:\/\/www.gipsy-pop-art.de\/de\/wp-json\/wp\/v2\/comments?post=367"}],"version-history":[{"count":16,"href":"https:\/\/www.gipsy-pop-art.de\/de\/wp-json\/wp\/v2\/pages\/367\/revisions"}],"predecessor-version":[{"id":1688,"href":"https:\/\/www.gipsy-pop-art.de\/de\/wp-json\/wp\/v2\/pages\/367\/revisions\/1688"}],"wp:attachment":[{"href":"https:\/\/www.gipsy-pop-art.de\/de\/wp-json\/wp\/v2\/media?parent=367"}],"curies":[{"name":"wp","href":"https:\/\/api.w.org\/{rel}","templated":true}]}}