{"id":377,"date":"2012-08-02T18:22:16","date_gmt":"2012-08-02T16:22:16","guid":{"rendered":"http:\/\/www.gipsy-pop-art.com\/de\/?page_id=377"},"modified":"2021-04-13T19:46:34","modified_gmt":"2021-04-13T17:46:34","slug":"hawaii","status":"publish","type":"page","link":"https:\/\/www.gipsy-pop-art.de\/de\/hawaii\/","title":{"rendered":"Hawaii"},"content":{"rendered":"<div id=\"showroomtitle\">\n<h1>Akustikgitarren \u2013 Modell Hawaii<\/h1>\n<\/div>\n<p><img class=\"size-full wp-image-213 alignleft\" style=\"margin: 0 15px 0 0; padding: 0;\" title=\"acc_anda_01\" src=\"http:\/\/www.gipsy-pop-art.de\/de\/wp-content\/uploads\/acc_hawaii_01.jpg\"><\/p>\n<p><img class=\"size-full wp-image-215 alignnone\" style=\"margin: 0; padding: 0;\" title=\"acc_anda_03\" src=\"http:\/\/www.gipsy-pop-art.de\/de\/wp-content\/uploads\/acc_hawaii_02.jpg\"><\/p>\n<p><img class=\"size-full wp-image-214 alignnone\" style=\"margin: 0; padding: 0;\" title=\"acc_anda_02\" src=\"http:\/\/www.gipsy-pop-art.de\/de\/wp-content\/uploads\/acc_hawaii_03.jpg\"><\/p>\n<div id=\"infobox\" class=\"alignnone\">\n<h1>Hawaii<\/h1>\n<p>Inspiriert durch den K\u00fcnstler Olaf Hajek aus Berlin entstand dieses psychedelische Modell nach einem Hawaiiaufenthalt der K\u00fcnstlerin. Hierbei dominieren drei Werke von Olaf Hajek.<\/p>\n<ul>\n<li><a href=\"http:\/\/www.gipsy-pop-art.de\/de\/kontakt\/\">Anfrage senden<\/a><\/li>\n<li><a href=\"http:\/\/www.gipsy-pop-art.de\/de\/shop\/akustikgitarren\/\">Zur\u00fcck zur \u00dcbersicht<\/a><\/li>\n<\/ul>\n<\/div>\n","protected":false},"excerpt":{"rendered":"<p>Akustikgitarren \u2013 Modell Hawaii Hawaii Inspiriert durch den K\u00fcnstler Olaf Hajek aus Berlin entstand dieses psychedelische Modell nach einem Hawaiiaufenthalt der K\u00fcnstlerin. Hierbei dominieren drei Werke von Olaf Hajek. Anfrage senden Zur\u00fcck zur \u00dcbersicht<\/p>\n","protected":false},"author":1,"featured_media":0,"parent":0,"menu_order":0,"comment_status":"closed","ping_status":"closed","template":"showcase.php","meta":[],"_links":{"self":[{"href":"https:\/\/www.gipsy-pop-art.de\/de\/wp-json\/wp\/v2\/pages\/377"}],"collection":[{"href":"https:\/\/www.gipsy-pop-art.de\/de\/wp-json\/wp\/v2\/pages"}],"about":[{"href":"https:\/\/www.gipsy-pop-art.de\/de\/wp-json\/wp\/v2\/types\/page"}],"author":[{"embeddable":true,"href":"https:\/\/www.gipsy-pop-art.de\/de\/wp-json\/wp\/v2\/users\/1"}],"replies":[{"embeddable":true,"href":"https:\/\/www.gipsy-pop-art.de\/de\/wp-json\/wp\/v2\/comments?post=377"}],"version-history":[{"count":12,"href":"https:\/\/www.gipsy-pop-art.de\/de\/wp-json\/wp\/v2\/pages\/377\/revisions"}],"predecessor-version":[{"id":1699,"href":"https:\/\/www.gipsy-pop-art.de\/de\/wp-json\/wp\/v2\/pages\/377\/revisions\/1699"}],"wp:attachment":[{"href":"https:\/\/www.gipsy-pop-art.de\/de\/wp-json\/wp\/v2\/media?parent=377"}],"curies":[{"name":"wp","href":"https:\/\/api.w.org\/{rel}","templated":true}]}}