{"id":383,"date":"2012-08-02T18:23:50","date_gmt":"2012-08-02T16:23:50","guid":{"rendered":"http:\/\/www.gipsy-pop-art.com\/de\/?page_id=383"},"modified":"2021-04-13T19:47:56","modified_gmt":"2021-04-13T17:47:56","slug":"ibiza","status":"publish","type":"page","link":"https:\/\/www.gipsy-pop-art.de\/de\/ibiza\/","title":{"rendered":"Ibiza"},"content":{"rendered":"<div id=\"showroomtitle\">\n<h1>Akustikgitarren \u2013 Modell Ibiza<\/h1>\n<\/div>\n<p><img class=\"size-full wp-image-213 alignleft\" style=\"margin: 0 15px 0 0; padding: 0;\" src=\"http:\/\/www.gipsy-pop-art.de\/de\/wp-content\/uploads\/acc_ibiza_01.jpg\"><\/p>\n<p><img class=\"size-full wp-image-215 alignnone\" style=\"margin: 0; padding: 0;\" src=\"http:\/\/www.gipsy-pop-art.de\/de\/wp-content\/uploads\/acc_ibiza_02.jpg\"><\/p>\n<p><img class=\"size-full wp-image-214 alignnone\" style=\"margin: 0; padding: 0;\" src=\"http:\/\/www.gipsy-pop-art.de\/de\/wp-content\/uploads\/acc_ibiza_03.jpg\"><\/p>\n<div id=\"infobox\" class=\"alignnone\">\n<h1>Ibiza<\/h1>\n<p>Die von der K\u00fcnstlerin hei\u00dfgeliebten Musikinsel Ibiza war Inspiration f\u00fcr dieses Instrument. Aus einer Sammlung von Flyern und Plakaten entstand dieses, in T\u00fcrkis gehaltene Kunstobjekt.<\/p>\n<ul>\n<li><a href=\"http:\/\/www.gipsy-pop-art.de\/de\/kontakt\/\">Anfrage senden<\/a><\/li>\n<li><a href=\"http:\/\/www.gipsy-pop-art.de\/de\/shop\/akustikgitarren\/\">Zur\u00fcck zur \u00dcbersicht<\/a><\/li>\n<\/ul>\n<\/div>\n","protected":false},"excerpt":{"rendered":"<p>Akustikgitarren \u2013 Modell Ibiza Ibiza Die von der K\u00fcnstlerin hei\u00dfgeliebten Musikinsel Ibiza war Inspiration f\u00fcr dieses Instrument. Aus einer Sammlung von Flyern und Plakaten entstand dieses, in T\u00fcrkis gehaltene Kunstobjekt. Anfrage senden Zur\u00fcck zur \u00dcbersicht<\/p>\n","protected":false},"author":1,"featured_media":0,"parent":0,"menu_order":0,"comment_status":"closed","ping_status":"closed","template":"showcase.php","meta":[],"_links":{"self":[{"href":"https:\/\/www.gipsy-pop-art.de\/de\/wp-json\/wp\/v2\/pages\/383"}],"collection":[{"href":"https:\/\/www.gipsy-pop-art.de\/de\/wp-json\/wp\/v2\/pages"}],"about":[{"href":"https:\/\/www.gipsy-pop-art.de\/de\/wp-json\/wp\/v2\/types\/page"}],"author":[{"embeddable":true,"href":"https:\/\/www.gipsy-pop-art.de\/de\/wp-json\/wp\/v2\/users\/1"}],"replies":[{"embeddable":true,"href":"https:\/\/www.gipsy-pop-art.de\/de\/wp-json\/wp\/v2\/comments?post=383"}],"version-history":[{"count":11,"href":"https:\/\/www.gipsy-pop-art.de\/de\/wp-json\/wp\/v2\/pages\/383\/revisions"}],"predecessor-version":[{"id":1702,"href":"https:\/\/www.gipsy-pop-art.de\/de\/wp-json\/wp\/v2\/pages\/383\/revisions\/1702"}],"wp:attachment":[{"href":"https:\/\/www.gipsy-pop-art.de\/de\/wp-json\/wp\/v2\/media?parent=383"}],"curies":[{"name":"wp","href":"https:\/\/api.w.org\/{rel}","templated":true}]}}