{"id":385,"date":"2012-08-02T18:24:13","date_gmt":"2012-08-02T16:24:13","guid":{"rendered":"http:\/\/www.gipsy-pop-art.com\/de\/?page_id=385"},"modified":"2021-04-13T19:48:21","modified_gmt":"2021-04-13T17:48:21","slug":"india","status":"publish","type":"page","link":"https:\/\/www.gipsy-pop-art.de\/de\/india\/","title":{"rendered":"India"},"content":{"rendered":"<div id=\"showroomtitle\">\n<h1>Akustikgitarren \u2013 Modell India<\/h1>\n<\/div>\n<p><img class=\"size-full wp-image-213 alignleft\" style=\"margin: 0 15px 0 0; padding: 0;\" src=\"http:\/\/www.gipsy-pop-art.de\/de\/wp-content\/uploads\/acc_india_01.jpg\"><\/p>\n<p><img class=\"size-full wp-image-215 alignnone\" style=\"margin: 0; padding: 0;\" src=\"http:\/\/www.gipsy-pop-art.de\/de\/wp-content\/uploads\/acc_india_02.jpg\"><\/p>\n<p><img class=\"size-full wp-image-214 alignnone\" style=\"margin: 0; padding: 0;\" src=\"http:\/\/www.gipsy-pop-art.de\/de\/wp-content\/uploads\/acc_india_03.jpg\"><\/p>\n<div id=\"infobox\" class=\"alignnone\">\n<h1>India<\/h1>\n<p>Das Modell verbindet die Mystik Indiens, symbolisiert durch die T\u00e4nzerin in der Lotusbl\u00fcte, hier erg\u00e4nzt mit spanischen Motiven. Man sagt, dass \u00fcber die V\u00f6lkerwanderung aus Indien der Flamenco seine Heimat in Andalusien fand.<\/p>\n<ul>\n<li><a href=\"http:\/\/www.gipsy-pop-art.de\/de\/kontakt\/\">Anfrage senden<\/a><\/li>\n<li><a href=\"http:\/\/www.gipsy-pop-art.de\/de\/shop\/akustikgitarren\/\">Zur\u00fcck zur \u00dcbersicht<\/a><\/li>\n<\/ul>\n<\/div>\n","protected":false},"excerpt":{"rendered":"<p>Akustikgitarren \u2013 Modell India India Das Modell verbindet die Mystik Indiens, symbolisiert durch die T\u00e4nzerin in der Lotusbl\u00fcte, hier erg\u00e4nzt mit spanischen Motiven. Man sagt, dass \u00fcber die V\u00f6lkerwanderung aus Indien der Flamenco seine Heimat in Andalusien fand. Anfrage senden &hellip; <a href=\"https:\/\/www.gipsy-pop-art.de\/de\/india\/\">Weiterlesen <span class=\"meta-nav\">&rarr;<\/span><\/a><\/p>\n","protected":false},"author":1,"featured_media":0,"parent":0,"menu_order":0,"comment_status":"closed","ping_status":"closed","template":"showcase.php","meta":[],"_links":{"self":[{"href":"https:\/\/www.gipsy-pop-art.de\/de\/wp-json\/wp\/v2\/pages\/385"}],"collection":[{"href":"https:\/\/www.gipsy-pop-art.de\/de\/wp-json\/wp\/v2\/pages"}],"about":[{"href":"https:\/\/www.gipsy-pop-art.de\/de\/wp-json\/wp\/v2\/types\/page"}],"author":[{"embeddable":true,"href":"https:\/\/www.gipsy-pop-art.de\/de\/wp-json\/wp\/v2\/users\/1"}],"replies":[{"embeddable":true,"href":"https:\/\/www.gipsy-pop-art.de\/de\/wp-json\/wp\/v2\/comments?post=385"}],"version-history":[{"count":16,"href":"https:\/\/www.gipsy-pop-art.de\/de\/wp-json\/wp\/v2\/pages\/385\/revisions"}],"predecessor-version":[{"id":1703,"href":"https:\/\/www.gipsy-pop-art.de\/de\/wp-json\/wp\/v2\/pages\/385\/revisions\/1703"}],"wp:attachment":[{"href":"https:\/\/www.gipsy-pop-art.de\/de\/wp-json\/wp\/v2\/media?parent=385"}],"curies":[{"name":"wp","href":"https:\/\/api.w.org\/{rel}","templated":true}]}}