{"id":388,"date":"2012-08-02T18:24:46","date_gmt":"2012-08-02T16:24:46","guid":{"rendered":"http:\/\/www.gipsy-pop-art.com\/de\/?page_id=388"},"modified":"2021-04-13T19:48:48","modified_gmt":"2021-04-13T17:48:48","slug":"la-singla","status":"publish","type":"page","link":"https:\/\/www.gipsy-pop-art.de\/de\/la-singla\/","title":{"rendered":"La Singla"},"content":{"rendered":"<div id=\"showroomtitle\">\n<h1>Akustikgitarren \u2013 Modell La Singla<\/h1>\n<\/div>\n<p><img class=\"size-full wp-image-213 alignleft\" style=\"margin: 0 15px 0 0; padding: 0;\" src=\"http:\/\/www.gipsy-pop-art.de\/de\/wp-content\/uploads\/acc_lasingla_01.jpg\"><\/p>\n<p><img class=\"size-full wp-image-215 alignnone\" style=\"margin: 0; padding: 0;\" src=\"http:\/\/www.gipsy-pop-art.de\/de\/wp-content\/uploads\/acc_lasingla_02.jpg\"><\/p>\n<p><img class=\"size-full wp-image-214 alignnone\" style=\"margin: 0; padding: 0;\" src=\"http:\/\/www.gipsy-pop-art.de\/de\/wp-content\/uploads\/acc_lasingla_03.jpg\"><\/p>\n<div id=\"infobox\" class=\"alignnone\">\n<h1>La Singla<\/h1>\n<p>Eine Collage, in der die ber\u00fchmte 1948 geborene T\u00e4nzerin La Singla im Mittelpunkt steht. La Singla war die erste T\u00e4nzerin die es wagte in Hosen zu tanzten. \u00dcberlieferungen behaupten, La Singla sei taubstumm geboren. Die Gitarre erweckt den Mythos erneut zum Leben. &#8222;La Singla mit schwarzer M\u00e4hne und einem Blick finsterer Intensit\u00e4t. Mystisch, geheimnisvoll, unb\u00e4ndig und ausdrucksstark&#8220;. (Zeitschrift ANDA)<\/p>\n<ul>\n<li><a href=\"http:\/\/www.gipsy-pop-art.de\/de\/kontakt\/\">Anfrage senden<\/a><\/li>\n<li><a href=\"http:\/\/www.gipsy-pop-art.de\/de\/shop\/akustikgitarren\/\">Zur\u00fcck zur \u00dcbersicht<\/a><\/li>\n<\/ul>\n<\/div>\n","protected":false},"excerpt":{"rendered":"<p>Akustikgitarren \u2013 Modell La Singla La Singla Eine Collage, in der die ber\u00fchmte 1948 geborene T\u00e4nzerin La Singla im Mittelpunkt steht. La Singla war die erste T\u00e4nzerin die es wagte in Hosen zu tanzten. \u00dcberlieferungen behaupten, La Singla sei taubstumm &hellip; <a href=\"https:\/\/www.gipsy-pop-art.de\/de\/la-singla\/\">Weiterlesen <span class=\"meta-nav\">&rarr;<\/span><\/a><\/p>\n","protected":false},"author":1,"featured_media":0,"parent":0,"menu_order":0,"comment_status":"closed","ping_status":"closed","template":"showcase.php","meta":[],"_links":{"self":[{"href":"https:\/\/www.gipsy-pop-art.de\/de\/wp-json\/wp\/v2\/pages\/388"}],"collection":[{"href":"https:\/\/www.gipsy-pop-art.de\/de\/wp-json\/wp\/v2\/pages"}],"about":[{"href":"https:\/\/www.gipsy-pop-art.de\/de\/wp-json\/wp\/v2\/types\/page"}],"author":[{"embeddable":true,"href":"https:\/\/www.gipsy-pop-art.de\/de\/wp-json\/wp\/v2\/users\/1"}],"replies":[{"embeddable":true,"href":"https:\/\/www.gipsy-pop-art.de\/de\/wp-json\/wp\/v2\/comments?post=388"}],"version-history":[{"count":10,"href":"https:\/\/www.gipsy-pop-art.de\/de\/wp-json\/wp\/v2\/pages\/388\/revisions"}],"predecessor-version":[{"id":1704,"href":"https:\/\/www.gipsy-pop-art.de\/de\/wp-json\/wp\/v2\/pages\/388\/revisions\/1704"}],"wp:attachment":[{"href":"https:\/\/www.gipsy-pop-art.de\/de\/wp-json\/wp\/v2\/media?parent=388"}],"curies":[{"name":"wp","href":"https:\/\/api.w.org\/{rel}","templated":true}]}}