{"id":390,"date":"2012-08-02T18:25:03","date_gmt":"2012-08-02T16:25:03","guid":{"rendered":"http:\/\/www.gipsy-pop-art.com\/de\/?page_id=390"},"modified":"2021-04-13T19:49:38","modified_gmt":"2021-04-13T17:49:38","slug":"malaga","status":"publish","type":"page","link":"https:\/\/www.gipsy-pop-art.de\/de\/malaga\/","title":{"rendered":"Malaga"},"content":{"rendered":"<div id=\"showroomtitle\">\n<h1>Akustikgitarren \u2013 Modell Malaga<\/h1>\n<\/div>\n<p><img class=\"size-full wp-image-213 alignleft\" style=\"margin: 0 15px 0 0; padding: 0;\" title=\"acc_anda_01\" src=\"http:\/\/www.gipsy-pop-art.de\/de\/wp-content\/uploads\/acc_malaga_01.jpg\"><\/p>\n<p><img class=\"size-full wp-image-215 alignnone\" style=\"margin: 0; padding: 0;\" title=\"acc_anda_03\" src=\"http:\/\/www.gipsy-pop-art.de\/de\/wp-content\/uploads\/acc_malaga_03.jpg\"><\/p>\n<p><img class=\"size-full wp-image-214 alignnone\" style=\"margin: 0; padding: 0;\" title=\"acc_anda_02\" src=\"http:\/\/www.gipsy-pop-art.de\/de\/wp-content\/uploads\/acc_malaga_02.jpg\"><\/p>\n<div id=\"infobox\" class=\"alignnone\">\n<h1>Malaga<\/h1>\n<p>Sakrale und andalusische Elemente zieren dieses Modell. Liebe und Begeisterung f\u00fcr die leidende Maria. Viva Roc\u00edo! Die Rose als Symbol f\u00fcr Verg\u00e4nglichkeit dominiert unter dem Saitenhalter.<\/p>\n<ul>\n<li><a href=\"http:\/\/www.gipsy-pop-art.de\/de\/kontakt\/\">Anfrage senden<\/a><\/li>\n<li><a href=\"http:\/\/www.gipsy-pop-art.de\/de\/shop\/akustikgitarren\/\">Zur\u00fcck zur \u00dcbersicht<\/a><\/li>\n<\/ul>\n<\/div>\n","protected":false},"excerpt":{"rendered":"<p>Akustikgitarren \u2013 Modell Malaga Malaga Sakrale und andalusische Elemente zieren dieses Modell. Liebe und Begeisterung f\u00fcr die leidende Maria. Viva Roc\u00edo! Die Rose als Symbol f\u00fcr Verg\u00e4nglichkeit dominiert unter dem Saitenhalter. Anfrage senden Zur\u00fcck zur \u00dcbersicht<\/p>\n","protected":false},"author":1,"featured_media":0,"parent":0,"menu_order":0,"comment_status":"closed","ping_status":"closed","template":"showcase.php","meta":[],"_links":{"self":[{"href":"https:\/\/www.gipsy-pop-art.de\/de\/wp-json\/wp\/v2\/pages\/390"}],"collection":[{"href":"https:\/\/www.gipsy-pop-art.de\/de\/wp-json\/wp\/v2\/pages"}],"about":[{"href":"https:\/\/www.gipsy-pop-art.de\/de\/wp-json\/wp\/v2\/types\/page"}],"author":[{"embeddable":true,"href":"https:\/\/www.gipsy-pop-art.de\/de\/wp-json\/wp\/v2\/users\/1"}],"replies":[{"embeddable":true,"href":"https:\/\/www.gipsy-pop-art.de\/de\/wp-json\/wp\/v2\/comments?post=390"}],"version-history":[{"count":11,"href":"https:\/\/www.gipsy-pop-art.de\/de\/wp-json\/wp\/v2\/pages\/390\/revisions"}],"predecessor-version":[{"id":1705,"href":"https:\/\/www.gipsy-pop-art.de\/de\/wp-json\/wp\/v2\/pages\/390\/revisions\/1705"}],"wp:attachment":[{"href":"https:\/\/www.gipsy-pop-art.de\/de\/wp-json\/wp\/v2\/media?parent=390"}],"curies":[{"name":"wp","href":"https:\/\/api.w.org\/{rel}","templated":true}]}}