{"id":394,"date":"2012-08-02T18:26:17","date_gmt":"2012-08-02T16:26:17","guid":{"rendered":"http:\/\/www.gipsy-pop-art.com\/de\/?page_id=394"},"modified":"2023-10-09T20:28:19","modified_gmt":"2023-10-09T18:28:19","slug":"cordoba","status":"publish","type":"page","link":"https:\/\/www.gipsy-pop-art.de\/de\/cordoba\/","title":{"rendered":"Cordoba"},"content":{"rendered":"<div id=\"showroomtitle\">\n<h1>Akustikgitarren \u2013 Modell Cordoba<\/h1>\n<\/div>\n<p><img class=\"size-full wp-image-213 alignleft\" style=\"margin: 0 15px 0 0; padding: 0;\" title=\"acc_cordoba_01\" src=\"http:\/\/www.gipsy-pop-art.de\/de\/wp-content\/uploads\/acc_cordoba-neu_01.jpg\"><\/p>\n<p><img class=\"size-full wp-image-215 alignnone\" style=\"margin: 0; padding: 0;\" title=\"acc_cordoba_03\" src=\"http:\/\/www.gipsy-pop-art.de\/de\/wp-content\/uploads\/acc_cordoba-neu_03.jpg\"><\/p>\n<p><img class=\"size-full wp-image-214 alignnone\" style=\"margin: 0; padding: 0;\" title=\"acc_cordoba_02\" src=\"http:\/\/www.gipsy-pop-art.de\/de\/wp-content\/uploads\/acc_cordoba-neu_02.jpg\"><\/p>\n<div id=\"infobox\" class=\"alignnone\">\n<h1>Cordoba<\/h1>\n<p>Die Romantik der Jugendstil-Flamencot\u00e4nzerinnen trifft auf ein Gem\u00e4lde des Malers Marvin Steele. Entspannt und sinnlich m\u00f6chte uns die Gitarre in eine andere Welt entf\u00fchren.<br \/>\nDiese Gitarre ist ebenso in dem Video &#8222;Watching Clouds&#8220; (offical video) der Gruppe Tierra Negra prachtvoll in Szene gesetzt worden:<\/p>\n<p><a href=\"https:\/\/www.youtube.com\/watch?v=RaILZ0PrSxo\" target=\"_blank\" rel=\"noopener noreferrer\">www.youtube.com\/watch?v=RaILZ0PrSxo<\/a><\/p>\n<ul>\n<li><a href=\"http:\/\/www.gipsy-pop-art.de\/de\/kontakt\/\">Anfrage senden<\/a><\/li>\n<li><a href=\"http:\/\/www.gipsy-pop-art.de\/de\/shop\/akustikgitarren\/\">Zur\u00fcck zur \u00dcbersicht<\/a><\/li>\n<\/ul>\n<\/div>\n","protected":false},"excerpt":{"rendered":"<p>Akustikgitarren \u2013 Modell Cordoba Cordoba Die Romantik der Jugendstil-Flamencot\u00e4nzerinnen trifft auf ein Gem\u00e4lde des Malers Marvin Steele. Entspannt und sinnlich m\u00f6chte uns die Gitarre in eine andere Welt entf\u00fchren. Diese Gitarre ist ebenso in dem Video &#8222;Watching Clouds&#8220; (offical video) &hellip; <a href=\"https:\/\/www.gipsy-pop-art.de\/de\/cordoba\/\">Weiterlesen <span class=\"meta-nav\">&rarr;<\/span><\/a><\/p>\n","protected":false},"author":1,"featured_media":0,"parent":0,"menu_order":0,"comment_status":"closed","ping_status":"closed","template":"showcase.php","meta":[],"_links":{"self":[{"href":"https:\/\/www.gipsy-pop-art.de\/de\/wp-json\/wp\/v2\/pages\/394"}],"collection":[{"href":"https:\/\/www.gipsy-pop-art.de\/de\/wp-json\/wp\/v2\/pages"}],"about":[{"href":"https:\/\/www.gipsy-pop-art.de\/de\/wp-json\/wp\/v2\/types\/page"}],"author":[{"embeddable":true,"href":"https:\/\/www.gipsy-pop-art.de\/de\/wp-json\/wp\/v2\/users\/1"}],"replies":[{"embeddable":true,"href":"https:\/\/www.gipsy-pop-art.de\/de\/wp-json\/wp\/v2\/comments?post=394"}],"version-history":[{"count":17,"href":"https:\/\/www.gipsy-pop-art.de\/de\/wp-json\/wp\/v2\/pages\/394\/revisions"}],"predecessor-version":[{"id":1944,"href":"https:\/\/www.gipsy-pop-art.de\/de\/wp-json\/wp\/v2\/pages\/394\/revisions\/1944"}],"wp:attachment":[{"href":"https:\/\/www.gipsy-pop-art.de\/de\/wp-json\/wp\/v2\/media?parent=394"}],"curies":[{"name":"wp","href":"https:\/\/api.w.org\/{rel}","templated":true}]}}