{"id":435,"date":"2012-08-06T17:55:16","date_gmt":"2012-08-06T15:55:16","guid":{"rendered":"http:\/\/www.gipsy-pop-art.com\/de\/?page_id=435"},"modified":"2021-04-13T19:43:38","modified_gmt":"2021-04-13T17:43:38","slug":"fender-stratocaster-1","status":"publish","type":"page","link":"https:\/\/www.gipsy-pop-art.de\/de\/fender-stratocaster-1\/","title":{"rendered":"Fender Stratocaster 1"},"content":{"rendered":"<div id=\"showroomtitle\">\n<h1>E-Gitarren \u2013 Modell Fender Stratocaster<\/h1>\n<\/div>\n<p><img class=\"size-full wp-image-213 alignleft\" style=\"margin: 0 15px 0 0; padding: 0;\" title=\"acc_anda_01\" src=\"http:\/\/www.gipsy-pop-art.de\/de\/wp-content\/uploads\/elec_fender_stratocaster_1_01.jpg\"><\/p>\n<p><img class=\"size-full wp-image-215 alignnone\" style=\"margin: 0; padding: 0;\" title=\"acc_anda_03\" src=\"http:\/\/www.gipsy-pop-art.de\/de\/wp-content\/uploads\/elec_fender_stratocaster_1_02.jpg\"><\/p>\n<div id=\"infobox\" class=\"alignnone\">\n<h1>Fender Stratocaster<\/h1>\n<p>Sonderlackierung Goldmetallic. India trifft Ibiza. Das Motiv auf dem Pickguard zieht sich auch \u00fcber die Pickup kappen. Jimi Hendrix h\u00e4tte sie sicherlich gerne gespielt.<\/p>\n<ul>\n<li><a href=\"http:\/\/www.gipsy-pop-art.de\/de\/kontakt\/\">Anfrage senden<\/a><\/li>\n<li><a href=\"http:\/\/www.gipsy-pop-art.de\/de\/shop\/e-gitarren\/\">Zur\u00fcck zur \u00dcbersicht<\/a><\/li>\n<\/ul>\n<\/div>\n","protected":false},"excerpt":{"rendered":"<p>E-Gitarren \u2013 Modell Fender Stratocaster Fender Stratocaster Sonderlackierung Goldmetallic. India trifft Ibiza. Das Motiv auf dem Pickguard zieht sich auch \u00fcber die Pickup kappen. Jimi Hendrix h\u00e4tte sie sicherlich gerne gespielt. Anfrage senden Zur\u00fcck zur \u00dcbersicht<\/p>\n","protected":false},"author":1,"featured_media":0,"parent":0,"menu_order":0,"comment_status":"closed","ping_status":"closed","template":"showcase.php","meta":[],"_links":{"self":[{"href":"https:\/\/www.gipsy-pop-art.de\/de\/wp-json\/wp\/v2\/pages\/435"}],"collection":[{"href":"https:\/\/www.gipsy-pop-art.de\/de\/wp-json\/wp\/v2\/pages"}],"about":[{"href":"https:\/\/www.gipsy-pop-art.de\/de\/wp-json\/wp\/v2\/types\/page"}],"author":[{"embeddable":true,"href":"https:\/\/www.gipsy-pop-art.de\/de\/wp-json\/wp\/v2\/users\/1"}],"replies":[{"embeddable":true,"href":"https:\/\/www.gipsy-pop-art.de\/de\/wp-json\/wp\/v2\/comments?post=435"}],"version-history":[{"count":9,"href":"https:\/\/www.gipsy-pop-art.de\/de\/wp-json\/wp\/v2\/pages\/435\/revisions"}],"predecessor-version":[{"id":1693,"href":"https:\/\/www.gipsy-pop-art.de\/de\/wp-json\/wp\/v2\/pages\/435\/revisions\/1693"}],"wp:attachment":[{"href":"https:\/\/www.gipsy-pop-art.de\/de\/wp-json\/wp\/v2\/media?parent=435"}],"curies":[{"name":"wp","href":"https:\/\/api.w.org\/{rel}","templated":true}]}}