{"id":437,"date":"2012-08-06T17:53:44","date_gmt":"2012-08-06T15:53:44","guid":{"rendered":"http:\/\/www.gipsy-pop-art.com\/de\/?page_id=437"},"modified":"2021-04-13T19:45:11","modified_gmt":"2021-04-13T17:45:11","slug":"gibson-les-paul","status":"publish","type":"page","link":"https:\/\/www.gipsy-pop-art.de\/de\/gibson-les-paul\/","title":{"rendered":"Gibson Les Paul Studio 50&#8217;s"},"content":{"rendered":"<div id=\"showroomtitle\">\n<h1>E-Gitarren \u2013 Modell Gibson Les Paul<\/h1>\n<\/div>\n<p><img class=\"size-full wp-image-213 alignleft\" style=\"margin: 0 15px 0 0; padding: 0;\" src=\"http:\/\/www.gipsy-pop-art.de\/de\/wp-content\/uploads\/elec_gibson_les_paul_01.jpg\"><\/p>\n<p><img class=\"size-full wp-image-215 alignnone\" style=\"margin: 0; padding: 0;\" src=\"http:\/\/www.gipsy-pop-art.de\/de\/wp-content\/uploads\/elec_gibson_les_paul_02.jpg\"><\/p>\n<div id=\"infobox\" class=\"alignnone\">\n<h1>Gibson Les Paul Studio 50&#8217;s<\/h1>\n<p>Auf der Decke des wei\u00dfen Instrumentes finden sich mystische Elemente. Die Farbe Gr\u00fcn dominiert. Der Totenkopf von Setdesigner Rolf Buck wird mit einer Halskette aus Puppen geschm\u00fcckt. Wer die Gitarre von hinten betrachtet, findet noch eine kleine \u00dcberraschung.<\/p>\n<ul>\n<li><a href=\"http:\/\/www.gipsy-pop-art.de\/de\/kontakt\/\">Anfrage senden<\/a><\/li>\n<li><a href=\"http:\/\/www.gipsy-pop-art.de\/de\/shop\/e-gitarren\/\">Zur\u00fcck zur \u00dcbersicht<\/a><\/li>\n<\/ul>\n<\/div>\n","protected":false},"excerpt":{"rendered":"<p>E-Gitarren \u2013 Modell Gibson Les Paul Gibson Les Paul Studio 50&#8217;s Auf der Decke des wei\u00dfen Instrumentes finden sich mystische Elemente. Die Farbe Gr\u00fcn dominiert. Der Totenkopf von Setdesigner Rolf Buck wird mit einer Halskette aus Puppen geschm\u00fcckt. Wer die &hellip; <a href=\"https:\/\/www.gipsy-pop-art.de\/de\/gibson-les-paul\/\">Weiterlesen <span class=\"meta-nav\">&rarr;<\/span><\/a><\/p>\n","protected":false},"author":1,"featured_media":0,"parent":0,"menu_order":0,"comment_status":"closed","ping_status":"closed","template":"showcase.php","meta":[],"_links":{"self":[{"href":"https:\/\/www.gipsy-pop-art.de\/de\/wp-json\/wp\/v2\/pages\/437"}],"collection":[{"href":"https:\/\/www.gipsy-pop-art.de\/de\/wp-json\/wp\/v2\/pages"}],"about":[{"href":"https:\/\/www.gipsy-pop-art.de\/de\/wp-json\/wp\/v2\/types\/page"}],"author":[{"embeddable":true,"href":"https:\/\/www.gipsy-pop-art.de\/de\/wp-json\/wp\/v2\/users\/1"}],"replies":[{"embeddable":true,"href":"https:\/\/www.gipsy-pop-art.de\/de\/wp-json\/wp\/v2\/comments?post=437"}],"version-history":[{"count":15,"href":"https:\/\/www.gipsy-pop-art.de\/de\/wp-json\/wp\/v2\/pages\/437\/revisions"}],"predecessor-version":[{"id":1696,"href":"https:\/\/www.gipsy-pop-art.de\/de\/wp-json\/wp\/v2\/pages\/437\/revisions\/1696"}],"wp:attachment":[{"href":"https:\/\/www.gipsy-pop-art.de\/de\/wp-json\/wp\/v2\/media?parent=437"}],"curies":[{"name":"wp","href":"https:\/\/api.w.org\/{rel}","templated":true}]}}