{"id":438,"date":"2012-08-06T17:53:09","date_gmt":"2012-08-06T15:53:09","guid":{"rendered":"http:\/\/www.gipsy-pop-art.com\/de\/?page_id=438"},"modified":"2021-04-13T19:52:11","modified_gmt":"2021-04-13T17:52:11","slug":"fender-stratocaster-2","status":"publish","type":"page","link":"https:\/\/www.gipsy-pop-art.de\/de\/fender-stratocaster-2\/","title":{"rendered":"Stratocaster 2"},"content":{"rendered":"<div id=\"showroomtitle\">\n<h1>E-Gitarren \u2013 Modell Flamenco White Stratocaster<\/h1>\n<\/div>\n<p><img class=\"size-full wp-image-213 alignleft\" style=\"margin: 0 15px 0 0; padding: 0;\" src=\"http:\/\/www.gipsy-pop-art.de\/de\/wp-content\/uploads\/elec_fender_stratocaster_3_01.jpg\"><\/p>\n<p><img class=\"size-full wp-image-215 alignnone\" style=\"margin: 0; padding: 0;\" src=\"http:\/\/www.gipsy-pop-art.de\/de\/wp-content\/uploads\/elec_fender_stratocaster_3_02.jpg\"><\/p>\n<div id=\"infobox\" class=\"alignnone\">\n<h1>Flamenco White Stratocaster<\/h1>\n<p>Klassische Flamencomotive bilden einen Gegensatz zur elektrischen Gitarre. Auf dem Pickguard findet sich ein Bild von Marvin Steel. Die 60 Jahre lassen gr\u00fc\u00dfen! Retro Design in feinster Ausf\u00fchrung.<\/p>\n<ul>\n<li><a href=\"http:\/\/www.gipsy-pop-art.de\/de\/kontakt\/\">Anfrage senden<\/a><\/li>\n<li><a href=\"http:\/\/www.gipsy-pop-art.de\/de\/shop\/e-gitarren\/\">Zur\u00fcck zur \u00dcbersicht<\/a><\/li>\n<\/ul>\n<\/div>\n","protected":false},"excerpt":{"rendered":"<p>E-Gitarren \u2013 Modell Flamenco White Stratocaster Flamenco White Stratocaster Klassische Flamencomotive bilden einen Gegensatz zur elektrischen Gitarre. Auf dem Pickguard findet sich ein Bild von Marvin Steel. Die 60 Jahre lassen gr\u00fc\u00dfen! Retro Design in feinster Ausf\u00fchrung. Anfrage senden Zur\u00fcck &hellip; <a href=\"https:\/\/www.gipsy-pop-art.de\/de\/fender-stratocaster-2\/\">Weiterlesen <span class=\"meta-nav\">&rarr;<\/span><\/a><\/p>\n","protected":false},"author":1,"featured_media":0,"parent":0,"menu_order":0,"comment_status":"closed","ping_status":"closed","template":"showcase.php","meta":[],"_links":{"self":[{"href":"https:\/\/www.gipsy-pop-art.de\/de\/wp-json\/wp\/v2\/pages\/438"}],"collection":[{"href":"https:\/\/www.gipsy-pop-art.de\/de\/wp-json\/wp\/v2\/pages"}],"about":[{"href":"https:\/\/www.gipsy-pop-art.de\/de\/wp-json\/wp\/v2\/types\/page"}],"author":[{"embeddable":true,"href":"https:\/\/www.gipsy-pop-art.de\/de\/wp-json\/wp\/v2\/users\/1"}],"replies":[{"embeddable":true,"href":"https:\/\/www.gipsy-pop-art.de\/de\/wp-json\/wp\/v2\/comments?post=438"}],"version-history":[{"count":14,"href":"https:\/\/www.gipsy-pop-art.de\/de\/wp-json\/wp\/v2\/pages\/438\/revisions"}],"predecessor-version":[{"id":1710,"href":"https:\/\/www.gipsy-pop-art.de\/de\/wp-json\/wp\/v2\/pages\/438\/revisions\/1710"}],"wp:attachment":[{"href":"https:\/\/www.gipsy-pop-art.de\/de\/wp-json\/wp\/v2\/media?parent=438"}],"curies":[{"name":"wp","href":"https:\/\/api.w.org\/{rel}","templated":true}]}}