{"id":757,"date":"2013-07-23T22:08:07","date_gmt":"2013-07-23T20:08:07","guid":{"rendered":"http:\/\/www.gipsy-pop-art.com\/de\/?page_id=757"},"modified":"2021-04-13T19:50:40","modified_gmt":"2021-04-13T17:50:40","slug":"mumbai","status":"publish","type":"page","link":"https:\/\/www.gipsy-pop-art.de\/de\/mumbai\/","title":{"rendered":"Mumbai"},"content":{"rendered":"<div id=\"showroomtitle\">\n<h1>Akustikgitarren \u2013 Modell Mumbai<\/h1>\n<\/div>\n<p><img class=\"size-full alignleft\" style=\"margin: 0 15px 0 0; padding: 0;\" src=\"http:\/\/www.gipsy-pop-art.de\/de\/wp-content\/uploads\/acc-mumbai-05.jpg\"><\/p>\n<p><img class=\"size-full alignnone\" style=\"margin: 0; padding: 0;\" src=\"http:\/\/www.gipsy-pop-art.de\/de\/wp-content\/uploads\/acc-mumbai-03.jpg\"><\/p>\n<p><img class=\"size-full alignnone\" style=\"margin: 0; padding: 0;\" src=\"http:\/\/www.gipsy-pop-art.de\/de\/wp-content\/uploads\/acc-mumbai-04.jpg\"><\/p>\n<div id=\"infobox\" class=\"alignnone\">\n<h1>Modell Mumbai<\/h1>\n<p>Auf dieser Gitarre dominiert die indische Gottheit Lakshmi. Sie ist die hinduistische G\u00f6ttin des Gl\u00fccks und der Liebe, der Fruchtbarkeit und des Wohlstandes, der Gesundheit und der Sch\u00f6nheit. Lakshmi ist Spenderin von Reichtum und geistigem Wohlbefinden, von Harmonie, F\u00fclle und \u00dcberfluss und gilt als Besch\u00fctzerin der Pflanzen. \u0932\u0915\u094d\u0937\u094d\u092e\u0940.<\/p>\n<ul>\n<li><a href=\"http:\/\/www.gipsy-pop-art.de\/de\/kontakt\/\">Anfrage senden<\/a><\/li>\n<li><a href=\"http:\/\/www.gipsy-pop-art.de\/de\/shop\/akustikgitarren\/\">Zur\u00fcck zur \u00dcbersicht<\/a><\/li>\n<\/ul>\n<\/div>\n","protected":false},"excerpt":{"rendered":"<p>Akustikgitarren \u2013 Modell Mumbai Modell Mumbai Auf dieser Gitarre dominiert die indische Gottheit Lakshmi. Sie ist die hinduistische G\u00f6ttin des Gl\u00fccks und der Liebe, der Fruchtbarkeit und des Wohlstandes, der Gesundheit und der Sch\u00f6nheit. Lakshmi ist Spenderin von Reichtum und &hellip; <a href=\"https:\/\/www.gipsy-pop-art.de\/de\/mumbai\/\">Weiterlesen <span class=\"meta-nav\">&rarr;<\/span><\/a><\/p>\n","protected":false},"author":1,"featured_media":0,"parent":0,"menu_order":0,"comment_status":"closed","ping_status":"closed","template":"showcase.php","meta":[],"_links":{"self":[{"href":"https:\/\/www.gipsy-pop-art.de\/de\/wp-json\/wp\/v2\/pages\/757"}],"collection":[{"href":"https:\/\/www.gipsy-pop-art.de\/de\/wp-json\/wp\/v2\/pages"}],"about":[{"href":"https:\/\/www.gipsy-pop-art.de\/de\/wp-json\/wp\/v2\/types\/page"}],"author":[{"embeddable":true,"href":"https:\/\/www.gipsy-pop-art.de\/de\/wp-json\/wp\/v2\/users\/1"}],"replies":[{"embeddable":true,"href":"https:\/\/www.gipsy-pop-art.de\/de\/wp-json\/wp\/v2\/comments?post=757"}],"version-history":[{"count":9,"href":"https:\/\/www.gipsy-pop-art.de\/de\/wp-json\/wp\/v2\/pages\/757\/revisions"}],"predecessor-version":[{"id":1707,"href":"https:\/\/www.gipsy-pop-art.de\/de\/wp-json\/wp\/v2\/pages\/757\/revisions\/1707"}],"wp:attachment":[{"href":"https:\/\/www.gipsy-pop-art.de\/de\/wp-json\/wp\/v2\/media?parent=757"}],"curies":[{"name":"wp","href":"https:\/\/api.w.org\/{rel}","templated":true}]}}