{"id":926,"date":"2016-10-09T21:45:28","date_gmt":"2016-10-09T19:45:28","guid":{"rendered":"http:\/\/www.gipsy-pop-art.com\/de\/?page_id=926"},"modified":"2021-04-13T19:51:46","modified_gmt":"2021-04-13T17:51:46","slug":"sanchez","status":"publish","type":"page","link":"https:\/\/www.gipsy-pop-art.de\/de\/sanchez\/","title":{"rendered":"Sanchez"},"content":{"rendered":"<div id=\"showroomtitle\">\n<h1>Akustikgitarren \u2013 Modell Sanchez<\/h1>\n<\/div>\n<p><img class=\"size-full wp-image-213 alignleft\" style=\"margin: 0 15px 0 0; padding: 0;\" title=\"acc_sanchez_malaga_01\" src=\"http:\/\/www.gipsy-pop-art.de\/de\/wp-content\/uploads\/acc_sanchez_malaga_01.jpg\"><\/p>\n<p><img class=\"size-full wp-image-215 alignnone\" style=\"margin: 0; padding: 0;\" title=\"acc_sanchez_malaga_02\" src=\"http:\/\/www.gipsy-pop-art.de\/de\/wp-content\/uploads\/acc_sanchez_malaga_02.jpg\"><\/p>\n<p><img class=\"size-full wp-image-214 alignnone\" style=\"margin: 0; padding: 6px 0 0 0;\" title=\"acc_sanchez_malaga_04\" src=\"http:\/\/www.gipsy-pop-art.de\/de\/wp-content\/uploads\/acc_sanchez_malaga_04.jpg\"><\/p>\n<div id=\"infobox\" class=\"alignnone\">\n<h1>Sanchez<\/h1>\n<p>Die Gitarre ist inspiriert von dem Frauenbildnis des K\u00fcnstlers M. Sanchez aus Malaga. Die sch\u00f6ne, spanische Frau ber\u00fchrt durch ihren Blick. Die Rosen als Symbol der Verg\u00e4nglichkeit der Sch\u00f6nheit. Im Schallloch der Gitarre befindet sich ein dreidimensionales Auge, was sich je nach Lichteinfall \u00f6ffnet und schlie\u00dft.<\/p>\n<ul>\n<li><a href=\"http:\/\/www.gipsy-pop-art.de\/de\/kontakt\/\">Anfrage senden<\/a><\/li>\n<li><a href=\"http:\/\/www.gipsy-pop-art.de\/de\/shop\/akustikgitarren\/\">Zur\u00fcck zur \u00dcbersicht<\/a><\/li>\n<\/ul>\n<\/div>\n","protected":false},"excerpt":{"rendered":"<p>Akustikgitarren \u2013 Modell Sanchez Sanchez Die Gitarre ist inspiriert von dem Frauenbildnis des K\u00fcnstlers M. Sanchez aus Malaga. Die sch\u00f6ne, spanische Frau ber\u00fchrt durch ihren Blick. Die Rosen als Symbol der Verg\u00e4nglichkeit der Sch\u00f6nheit. Im Schallloch der Gitarre befindet sich &hellip; <a href=\"https:\/\/www.gipsy-pop-art.de\/de\/sanchez\/\">Weiterlesen <span class=\"meta-nav\">&rarr;<\/span><\/a><\/p>\n","protected":false},"author":1,"featured_media":0,"parent":0,"menu_order":0,"comment_status":"closed","ping_status":"closed","template":"showcase.php","meta":[],"_links":{"self":[{"href":"https:\/\/www.gipsy-pop-art.de\/de\/wp-json\/wp\/v2\/pages\/926"}],"collection":[{"href":"https:\/\/www.gipsy-pop-art.de\/de\/wp-json\/wp\/v2\/pages"}],"about":[{"href":"https:\/\/www.gipsy-pop-art.de\/de\/wp-json\/wp\/v2\/types\/page"}],"author":[{"embeddable":true,"href":"https:\/\/www.gipsy-pop-art.de\/de\/wp-json\/wp\/v2\/users\/1"}],"replies":[{"embeddable":true,"href":"https:\/\/www.gipsy-pop-art.de\/de\/wp-json\/wp\/v2\/comments?post=926"}],"version-history":[{"count":10,"href":"https:\/\/www.gipsy-pop-art.de\/de\/wp-json\/wp\/v2\/pages\/926\/revisions"}],"predecessor-version":[{"id":1709,"href":"https:\/\/www.gipsy-pop-art.de\/de\/wp-json\/wp\/v2\/pages\/926\/revisions\/1709"}],"wp:attachment":[{"href":"https:\/\/www.gipsy-pop-art.de\/de\/wp-json\/wp\/v2\/media?parent=926"}],"curies":[{"name":"wp","href":"https:\/\/api.w.org\/{rel}","templated":true}]}}