{"id":937,"date":"2016-10-09T22:19:46","date_gmt":"2016-10-09T20:19:46","guid":{"rendered":"http:\/\/www.gipsy-pop-art.com\/de\/?page_id=937"},"modified":"2021-04-13T19:52:44","modified_gmt":"2021-04-13T17:52:44","slug":"venus","status":"publish","type":"page","link":"https:\/\/www.gipsy-pop-art.de\/de\/venus\/","title":{"rendered":"Venus"},"content":{"rendered":"<div id=\"showroomtitle\">\n<h1>Akustikgitarren \u2013 Modell Venus<\/h1>\n<\/div>\n<p><img class=\"size-full wp-image-213 alignleft\" style=\"margin: 0 15px 0 0; padding: 0;\" title=\"acc_naima_gitarre_01\" src=\"http:\/\/www.gipsy-pop-art.de\/de\/wp-content\/uploads\/acc_naima_gitarre_01.jpg\"><\/p>\n<p><img class=\"size-full wp-image-215 alignnone\" style=\"margin: 0; padding: 0;\" title=\"acc_naima_gitarre_02\" src=\"http:\/\/www.gipsy-pop-art.de\/de\/wp-content\/uploads\/acc_naima_gitarre_02.jpg\"><\/p>\n<p><img class=\"size-full wp-image-214 alignnone\" style=\"margin: 0; padding: 6px 0 0 0;\" title=\"aacc_naima_gitarre_03\" src=\"http:\/\/www.gipsy-pop-art.de\/de\/wp-content\/uploads\/acc_naima_gitarre_03.jpg\"><\/p>\n<div id=\"infobox\" class=\"alignnone\">\n<h1>Sanchez<\/h1>\n<p>Die Antike und die Sch\u00f6nheit der Frau in ihrer romantischen und unschuldigen Ausstrahlung, belesen, vertr\u00e4umt, solidarisch gegen\u00fcber dem eigenen Geschlecht, von den Engeln gek\u00fcsst.<br \/>\nEs handelt sich um eine Steelstring Gitarre mit Tonabnehmer. Diese Gitarre ist f\u00fcr eine junge Gitarristin, die wundersch\u00f6n singen kann, gemacht worden.<\/p>\n<ul>\n<li><a href=\"http:\/\/www.gipsy-pop-art.de\/de\/kontakt\/\">Anfrage senden<\/a><\/li>\n<li><a href=\"http:\/\/www.gipsy-pop-art.de\/de\/shop\/akustikgitarren\/\">Zur\u00fcck zur \u00dcbersicht<\/a><\/li>\n<\/ul>\n<\/div>\n","protected":false},"excerpt":{"rendered":"<p>Akustikgitarren \u2013 Modell Venus Sanchez Die Antike und die Sch\u00f6nheit der Frau in ihrer romantischen und unschuldigen Ausstrahlung, belesen, vertr\u00e4umt, solidarisch gegen\u00fcber dem eigenen Geschlecht, von den Engeln gek\u00fcsst. Es handelt sich um eine Steelstring Gitarre mit Tonabnehmer. Diese Gitarre &hellip; <a href=\"https:\/\/www.gipsy-pop-art.de\/de\/venus\/\">Weiterlesen <span class=\"meta-nav\">&rarr;<\/span><\/a><\/p>\n","protected":false},"author":1,"featured_media":0,"parent":0,"menu_order":0,"comment_status":"closed","ping_status":"closed","template":"showcase.php","meta":[],"_links":{"self":[{"href":"https:\/\/www.gipsy-pop-art.de\/de\/wp-json\/wp\/v2\/pages\/937"}],"collection":[{"href":"https:\/\/www.gipsy-pop-art.de\/de\/wp-json\/wp\/v2\/pages"}],"about":[{"href":"https:\/\/www.gipsy-pop-art.de\/de\/wp-json\/wp\/v2\/types\/page"}],"author":[{"embeddable":true,"href":"https:\/\/www.gipsy-pop-art.de\/de\/wp-json\/wp\/v2\/users\/1"}],"replies":[{"embeddable":true,"href":"https:\/\/www.gipsy-pop-art.de\/de\/wp-json\/wp\/v2\/comments?post=937"}],"version-history":[{"count":6,"href":"https:\/\/www.gipsy-pop-art.de\/de\/wp-json\/wp\/v2\/pages\/937\/revisions"}],"predecessor-version":[{"id":1711,"href":"https:\/\/www.gipsy-pop-art.de\/de\/wp-json\/wp\/v2\/pages\/937\/revisions\/1711"}],"wp:attachment":[{"href":"https:\/\/www.gipsy-pop-art.de\/de\/wp-json\/wp\/v2\/media?parent=937"}],"curies":[{"name":"wp","href":"https:\/\/api.w.org\/{rel}","templated":true}]}}