{"id":946,"date":"2016-10-09T22:36:28","date_gmt":"2016-10-09T20:36:28","guid":{"rendered":"http:\/\/www.gipsy-pop-art.com\/de\/?page_id=946"},"modified":"2021-04-13T19:53:07","modified_gmt":"2021-04-13T17:53:07","slug":"woodstock","status":"publish","type":"page","link":"https:\/\/www.gipsy-pop-art.de\/de\/woodstock\/","title":{"rendered":"Woodstock"},"content":{"rendered":"<div id=\"showroomtitle\">\n<h1>E-Gitarren \u2013 Modell Woodstock<\/h1>\n<\/div>\n<p><img class=\"size-full wp-image-213 alignleft\" style=\"margin: 0 15px 0 0; padding: 0;\" title=\"elec_woodstock_01\" src=\"http:\/\/www.gipsy-pop-art.de\/de\/wp-content\/uploads\/elec_woodstock_01.jpg\"><\/p>\n<p><img class=\"size-full wp-image-215 alignnone\" style=\"margin: 0; padding: 0;\" title=\"elec_woodstock_02\" src=\"http:\/\/www.gipsy-pop-art.de\/de\/wp-content\/uploads\/elec_woodstock_02.jpg\"><\/p>\n<p><img class=\"size-full wp-image-214 alignnone\" style=\"margin: 0; padding: 6px 0 0 0;\" title=\"elec_woodstock_03\" src=\"http:\/\/www.gipsy-pop-art.de\/de\/wp-content\/uploads\/elec_woodstock_03.jpg\"><\/p>\n<div id=\"infobox\" class=\"alignnone\">\n<h1>Woodstock<\/h1>\n<p>Auftragsarbeit Fender Stratocaster. Das Design wurde vor der Fixierung vom Kunden abgenommen. Die Grundlackierung der Fender Stratocaster ist ein tiefes T\u00fcrkis. Die Gitarre wird regelm\u00e4\u00dfig auf der B\u00fchne gespielt. Die Kommentare lauten von porn\u00f6s bis supergeil!<\/p>\n<ul>\n<li><a href=\"http:\/\/www.gipsy-pop-art.de\/de\/kontakt\/\">Anfrage senden<\/a><\/li>\n<li><a href=\"http:\/\/www.gipsy-pop-art.de\/de\/shop\/e-gitarren\/\">Zur\u00fcck zur \u00dcbersicht<\/a><\/li>\n<\/ul>\n<\/div>\n","protected":false},"excerpt":{"rendered":"<p>E-Gitarren \u2013 Modell Woodstock Woodstock Auftragsarbeit Fender Stratocaster. Das Design wurde vor der Fixierung vom Kunden abgenommen. Die Grundlackierung der Fender Stratocaster ist ein tiefes T\u00fcrkis. Die Gitarre wird regelm\u00e4\u00dfig auf der B\u00fchne gespielt. Die Kommentare lauten von porn\u00f6s bis &hellip; <a href=\"https:\/\/www.gipsy-pop-art.de\/de\/woodstock\/\">Weiterlesen <span class=\"meta-nav\">&rarr;<\/span><\/a><\/p>\n","protected":false},"author":1,"featured_media":0,"parent":0,"menu_order":0,"comment_status":"closed","ping_status":"closed","template":"showcase.php","meta":[],"_links":{"self":[{"href":"https:\/\/www.gipsy-pop-art.de\/de\/wp-json\/wp\/v2\/pages\/946"}],"collection":[{"href":"https:\/\/www.gipsy-pop-art.de\/de\/wp-json\/wp\/v2\/pages"}],"about":[{"href":"https:\/\/www.gipsy-pop-art.de\/de\/wp-json\/wp\/v2\/types\/page"}],"author":[{"embeddable":true,"href":"https:\/\/www.gipsy-pop-art.de\/de\/wp-json\/wp\/v2\/users\/1"}],"replies":[{"embeddable":true,"href":"https:\/\/www.gipsy-pop-art.de\/de\/wp-json\/wp\/v2\/comments?post=946"}],"version-history":[{"count":7,"href":"https:\/\/www.gipsy-pop-art.de\/de\/wp-json\/wp\/v2\/pages\/946\/revisions"}],"predecessor-version":[{"id":1712,"href":"https:\/\/www.gipsy-pop-art.de\/de\/wp-json\/wp\/v2\/pages\/946\/revisions\/1712"}],"wp:attachment":[{"href":"https:\/\/www.gipsy-pop-art.de\/de\/wp-json\/wp\/v2\/media?parent=946"}],"curies":[{"name":"wp","href":"https:\/\/api.w.org\/{rel}","templated":true}]}}